{"id":2,"date":"2024-10-25T18:10:59","date_gmt":"2024-10-25T18:10:59","guid":{"rendered":"https:\/\/rovitransportes.mx\/?page_id=2"},"modified":"2025-03-05T19:44:27","modified_gmt":"2025-03-05T19:44:27","slug":"pagina-ejemplo","status":"publish","type":"page","link":"https:\/\/rovitransportes.mx\/","title":{"rendered":"home"},"content":{"rendered":"","protected":false},"excerpt":{"rendered":"","protected":false},"author":1,"featured_media":0,"parent":0,"menu_order":0,"comment_status":"closed","ping_status":"open","template":"","meta":{"_acf_changed":false,"footnotes":""},"class_list":["post-2","page","type-page","status-publish","hentry"],"acf":{"info_header":{"num_tel":"871 516 9581","mail":"contacto@rovitransportes.mx","direccion":"Antonio Due\u00f1es Orozco #160,  Ciudad Industrial  Torre\u00f3n, Coah. Mx."},"navbar":{"servicios":{"es":"Servicios","en":"Services"},"nosotros":{"es":"Nosotros","en":"About us"},"equipo":{"es":"Equipo","en":"Equipment"},"contacto":{"es":"Contacto","en":"Contact"}},"hero":{"texto_hero":{"es":"Somos expertos en servicios log\u00edsticos","en":"We are experts in logistics services"},"imagen_hero":447},"sobre_nosotros":{"mostrar_en_sitio":true,"sobre_nosotros_titulo":{"es":"SOBRE NOSOTROS","en":"ABOUT US"},"sobre_nosotros_desc":{"es":"De nuestra mano hacia su <strong>DESTINO<\/strong>","en":"From our hand towards to your <strong>DESTINATION<\/strong>"},"texto_nosotros":{"es":"ROVI es una empresa lagunera fundada desde 1994, donde te ofrecemos soluciones log\u00edsticas completas con transporte terrestre, a\u00e9reo y mar\u00edtimo, mudanzas, y servicios de mensajer\u00eda y paqueter\u00eda, garantizando eficiencia y confianza en cada env\u00edo.","en":"ROVI is a lagoon company founded in 1994, where we offer you complete logistic solutions with land, air and sea transportation, moving, courier and parcel services, guaranteeing efficiency and confidence in each shipment."}},"recuadros_hero":{"recuadro_1":{"titulo_recuadro_1":{"es":"L\u00edderes en precio y calidad:","en":"Price and quality leaders:"},"descripcion_recuadro_1":{"es":"Soluciones log\u00edsticas al mejor costo del mercado","en":"Logistics solutions at the best cost in the market"}},"recuadro_2":{"titulo_recuadro_2":{"es":"Cotiza ahora","en":"Quote now"},"nombre":{"es":"Nombre","en":"Name"}},"recuadro_3":{"titulo_recuadro_3":{"es":"Servicio 24 \/ 7","en":"24 \/ 7 service"},"descripcion_recuadro_3":{"es":"soporte continuo para asegurar que tus env\u00edos lleguen a su destino","en":"ongoing support to ensure that your shipments reach their destination"}}},"servicios_rovi":{"mostrar_en_sitio":true,"servicios_rovi":{"es":"Servicios Rovi","en":"Rovi Services"},"titulo_servicios_rovi":{"es":"T\u00fa tienes la necesidad, nosotros tenemos la\u00a0<strong>SOLUCI\u00d3N<\/strong>","en":"You have the need, we have the <strong>SOLUTION.<\/strong>"},"contenedor_de_servicios":{"servicio_1":{"titulo_servicio_1":{"es":"Transporte Terrestre","en":"Land Transportation"},"descripcion_servicio_1":{"es":"Nuestra experiencia en transporte terrestre y comercio exterior nos permite coordinar cada etapa log\u00edstica, ya sea en modalidad consolidada o exclusiva, asegurando el ingreso y traslado de tus productos en todo M\u00e9xico y el extranjero.","en":"Our experience in land transportation and foreign trade allows us to coordinate each logistic stage, either in consolidated or exclusive mode, ensuring the entry and transfer of your products throughout Mexico and abroad."}},"servicio_2":{"titulo_servicio_2":{"es":"Transporte Mar\u00edtimo","en":"Maritime Transportation"},"descripcion_servicio_2":{"es":"Coordinamos operaciones de comercio exterior por v\u00eda mar\u00edtima, asegurando el cumplimiento de normativas y el ingreso de tus productos a cualquier puerto.","en":"We coordinate foreign trade operations by sea, ensuring compliance with regulations and the entry of your products to any port."}},"servicio_3":{"titulo_servicio_3":{"es":"Transporte A\u00e9reo","en":"Air Transportation"},"descripcion_servicio_3":{"es":"Ofrecemos transporte a\u00e9reo internacional para tus env\u00edos urgentes, asegurando rapidez y cobertura a nivel global.","en":"We offer international air transportation for your urgent shipments, ensuring speed and global coverage."}},"servicio_4":{"titulo_servicio_4":{"es":"","en":""},"descripcion_servicio_4":{"es":"","en":""},"mostrar_en_sitio":false},"servicio_5":{"titulo_servicio_5":{"es":"Mudanzas","en":"Mowing"},"descripcion_servicio_5":{"es":"Nos encargamos de todo en tu mudanza: desde la recolecci\u00f3n hasta la entrega, con la confiabilidad y experiencia que necesitas.","en":"We take care of everything in your move: from pickup to delivery, with the reliability and experience you need."}},"servicio_6":{"titulo_servicio_6":{"es":"MENSAJER\u00cdA Y PAQUETER\u00cdA","en":"COURIER AND PARCEL SERVICES"},"descripcion_servicio_6":{"es":"Desde documentos importantes hasta paquetes, nuestro servicio de mensajer\u00eda est\u00e1 dise\u00f1ado para brindarte tranquilidad y seguridad.","en":"From important documents to packages, our courier service is designed to give you peace of mind and security."}},"servicio_7":{"titulo_servicio_7":{"es":"Almacenaje, Distribuci\u00f3n y Cross Dock","en":" Storage, Distribution and Cross Dock"},"descripcion_servicio_7":{"es":"ROVI ofrece soluciones eficientes de almacenaje, con infraestructura y personal especializado para cualquier sector. Su servicio de distribuci\u00f3n optimiza la cadena de suministro mediante procesos flexibles y de autoaprendizaje. Adem\u00e1s, brindan cross-dock, facilitando grupaje, consolidaci\u00f3n y distribuci\u00f3n de carga desde m\u00faltiples or\u00edgenes para ahorrar tiempo.","en":"ROVI offers efficient storage solutions, with infrastructure and specialized personnel for any sector. Its distribution service optimizes the supply chain through flexible and self-learning processes. In addition, they provide cross-dock, facilitating groupage, consolidation and distribution of cargo from multiple origins to save time."}}}},"banner_empezar":{"mostrar_en_sitio":true,"empezar":{"es":"Empezar","en":"Start"},"titulo_banner_empezar":{"es":"Ofrecemos servicios de transporte nacional e internacional a cualquier destino, en todas las modalidades disponibles.","en":"We offer national and international transportation services to any destination, in all available modalities."}},"por_que_elegirnos":{"mostrar_en_sitio":true,"elegirnos":{"es":"\u00bfPor que elegirnos?","en":"Why choose us?"},"titulo_elegirnos":{"es":"Log\u00edstica\u00a0<strong>PERSONALIZADA<\/strong>","en":"Custom <strong>logistics<\/strong>"},"descripcion_elegrinos":{"es":"En ROVI nos esforzamos por ofrecer soluciones log\u00edsticas y un servicio de alta calidad a todos nuestros clientes. Nuestra meta es alcanzar la excelencia operativa e informativa mediante el uso de herramientas tecnol\u00f3gicas de vanguardia, garantizando as\u00ed el \u00e9xito en cada una de nuestras operaciones.","en":"At ROVI we strive to offer logistics solutions and high quality service to all our customers. Our goal is to achieve operational and informational excellence through the use of state-of-the-art technological tools, thus guaranteeing success in each of our operations."},"grupo_de_campos_elegirnos":{"campo_elegirnos_1":{"titulo_campo_1":{"es":"Embalaje seguro","en":"Secure packaging"},"descripcion_campo_1":{"es":"Protegemos tus env\u00edos con embalaje de alta calidad, dise\u00f1ado para resistir cualquier trayecto y mantener tus art\u00edculos seguros.","en":"We protect your shipments with high quality packaging, designed to withstand any journey and keep your items safe."}},"campo_elegirnos_2":{"titulo_campo_2":{"es":"Env\u00edos a todo el mundo","en":"Worldwide shipping"},"descripcion_campo_2":{"es":"Donde sea que necesites, llegamos: ofrecemos env\u00edos globales sin fronteras.","en":"Wherever you need, we reach: we offer global shipping without borders."}},"campo_elegirnos_3":{"titulo_campo_3":{"es":"Entrega a tiempo","en":"On-time delivery"},"descripcion_campo_3":{"es":"Puntualidad garantizada: nuestro compromiso es cumplir con cada plazo de entrega establecido.","en":"Punctuality guaranteed: our commitment is to meet every delivery deadline."}},"campo_elegirnos_4":{"titulo_campo_4":{"es":"Costos competitivos","en":"Competitive costs"},"descripcion_campo_4":{"es":"Optimiza tu presupuesto con nuestras tarifas competitivas en log\u00edstica internacional.","en":"Optimize your budget with our competitive rates in international logistics."}}},"imagen_elegirnos":13},"banner_cotiza_ahora":{"mostrar_en_sitio":true,"titulo_1":{"es":"TENEMOS UNA SOLUCI\u00d3N","en":"WE HAVE A SOLUTION"},"subtitulo_1":{"es":"\u00bfRecibir\u00e1s algo?","en":"Will you receive anything?"},"titulo_2":{"es":"TENEMOS UNA SOLUCI\u00d3N","en":"WE HAVE A SOLUTION"},"subtitulo_2":{"es":"\u00bfHar\u00e1s un env\u00edo?","en":"Will you make a shipment?"},"imagen_1":11,"imagen_2":12},"equipo":{"mostrar_en_sitio":true,"equipo":{"es":"Equipo","en":"equipment"},"titulo_equipo":{"es":"Listos para cubrir\u00a0<strong>CUALQUIER NECESIDAD<\/strong>","en":"Ready to meet <strong>ANY NEEDS<\/strong>"},"equipo_maritimo":{"titulo_equipo_maritimo":{"es":"Equipo Mar\u00edtimo","en":"Maritime Equipment"},"grupo_maritimo_1":{"titulo_grupo_1":{"es":"","en":""},"lista_1":{"es":[{"item":"FCL (Full Container Load)"},{"item":"DC \/ HC \/ FR \/ OT \/ REFFER"},{"item":"LCL (Less Container Load)"},{"item":"RORO (Roll On - Roll Off)"},{"item":"Break Bulk Cargo"}],"en":[{"item":"FCL (Full Container Load)"},{"item":"DC \/ HC \/ FR \/ OT \/ REFFER"},{"item":"LCL (Less Container Load)"},{"item":"RORO (Roll On - Roll Off)"},{"item":"Break Bulk Cargo"}]}},"grupo_maritimo_2":{"titulo_grupo_2":{"es":"M\u00c1S EQUIPO","en":"MORE EQUIPMENT"},"lista_2":{"es":[{"item":"HAZMAT "},{"item":"MERCANC\u00cdA PELIGROSA "},{"item":" CAJAS THERMO REEFER "},{"item":"TOLVAS"},{"item":"JAULAS"}],"en":[{"item":"HAZMAT "},{"item":"HAZARDOUS GOODS"},{"item":" THERMO REEFER BOXES "},{"item":"TOLVAS"},{"item":"CABINS"}]}},"grupo_maritimo_3":{"mostrar_en_sitio":false,"titulo_grupo_3":{"es":"example","en":"example"},"lista_3":{"es":[{"item":"example"}],"en":[{"item":"example"}]}},"imagen_maritimo":17},"equipo_terrestre":{"titulo_equipo_terrestre":{"es":"Equipo Terrestre","en":"GROUND EQUIPMENT:"},"grupo_terrestre_1":{"titulo_grupo_1":{"es":"EQUIPO TERRESTE FTL (Full Truck Load):","en":" FTL GROUND EQUIPMENT (Full Truck Load):"},"lista_1":{"es":[{"item":"Cajas Secas y refrigeradas 40\u2019, 48\u2019 & 53\u2019"},{"item":"Plataformas 48\u2019 & 53\u2019"},{"item":"Lowboy"},{"item":"Cama Baja"},{"item":"Portacontenedores"},{"item":"Torton"},{"item":"\u00a0Rab\u00f3n"},{"item":"\u00a05 Ton"},{"item":"3 \u00bd Ton"},{"item":"\u00a01 Ton"}],"en":[{"item":"Dry and refrigerated boxes 40', 48' & 53'"},{"item":"Platforms 48' & 53'"},{"item":"Lowboy"},{"item":" Low bed"},{"item":" Container ship"},{"item":"Torton"},{"item":"\u00a0Rab\u00f3n"},{"item":"\u00a05 Ton"},{"item":"3 \u00bd Ton"},{"item":"\u00a01 Ton"}]}},"grupo_terrestre_2":{"titulo_grupo_2":{"es":"Equipo para carga especializada y sobredimensionada ","en":"Equipment for specialized and oversized cargo"},"lista_2":{"es":[{"item":"Plataforma extensible"},{"item":"Modulares (Internacional & Nacional)"},{"item":"Hazmat"},{"item":"Tolvas"},{"item":"Jaulas"}],"en":[{"item":"Extendable platform"},{"item":" Modular (International & National)"},{"item":" Hazmat"},{"item":" Hoppers"},{"item":" Cages"}]}},"grupo_terrestre_3":{"titulo_grupo_3":{"es":"","en":""},"lista_3":{"es":null,"en":null}},"imagen_terrestre":18}},"cifras":{"mostrar_en_sitio":false,"titulo_cifras":{"es":"La log\u00edstica ROVI en cifras","en":"ROVI logistics in numbers"},"kilometros":{"num_km":7777,"titulo_km":{"es":"Km recoridos","en":"Miles traveled"}},"paises":{"num_paises":777,"titulo_paises":{"es":"Pa\u00edses","en":"Countries "}},"clientes":{"num_clientes":7777,"titulo_clientes":{"es":"Clientes Felices","en":"Happy Clients"}},"kilos":{"num_kilos":777,"titulo_kilos":{"es":"Kg de carga","en":"Kilos of cargo"}}},"contacto":{"mostrar_en_sitio":true,"seccion_contacto":{"es":"Contacto","en":"Contact Us"},"titulo_contacto":{"es":"Solicita una\u00a0<strong>COTIZACI\u00d3N<\/strong>","en":"Request a <strong>QUOTE<\/strong>"},"form":{"nombre":{"es":"Nombre","en":"Name"},"telefono":{"es":"Tel\u00e9fono","en":"Cellphone"},"empresa":{"es":"Empresa","en":"Company"},"mensaje":{"es":"Mensaje","en":"Message"}},"ventajas":{"ventaja_1":{"es":"Paquete seguro","en":"Secure package"},"ventaja_2":{"es":"Env\u00edo a todas partes","en":"Shipping everywhere"},"ventaja_3":{"es":"Entregas a tiempo","en":"On-time deliveries"},"ventaja_4":{"es":"Soporte 24\/7","en":"24\/7 support"},"ventaja_5":{"es":"Seguimiento global","en":"Global monitoring"}}},"footer":{"contenedor_1":{"titulo_1":{"es":"UB\u00cdCANOS","en":"FIND US"},"direccion":"Antonio Due\u00f1es Orozco #160, \r\nCiudad Industrial \r\nTorre\u00f3n, Coah. Mx."},"contenedor_2":{"redes":{"es":"S\u00cdGUENOS","en":"FOLLOW US"}},"contenedor_3":{"titulo_contenedor_3":{"es":"CONT\u00c1CTANOS","en":"CONTACT US"},"telefono":{"es":"Tel\u00e9fono 871 516 9581","en":"Cellphone 871 516 9581"},"correo":{"es":"Correo: contacto@rovitransportes.mx","en":"email: contacto@rovitransportes.mx"}},"creditos":{"es":"Desarrollado por Market$","en":"Developed by Market$"}},"botones":{"enviar":{"es":"Enviar","en":"Send"},"cotizar":{"es":"Cotizar","en":"Quote"},"cotiza_ahora":{"es":"Cotiza ahora","en":"Quote Now"},"enviar_mensaje":{"es":"Enviar mensaje","en":"Send Message"}}},"_links":{"self":[{"href":"https:\/\/rovitransportes.mx\/index.php\/wp-json\/wp\/v2\/pages\/2","targetHints":{"allow":["GET"]}}],"collection":[{"href":"https:\/\/rovitransportes.mx\/index.php\/wp-json\/wp\/v2\/pages"}],"about":[{"href":"https:\/\/rovitransportes.mx\/index.php\/wp-json\/wp\/v2\/types\/page"}],"author":[{"embeddable":true,"href":"https:\/\/rovitransportes.mx\/index.php\/wp-json\/wp\/v2\/users\/1"}],"replies":[{"embeddable":true,"href":"https:\/\/rovitransportes.mx\/index.php\/wp-json\/wp\/v2\/comments?post=2"}],"version-history":[{"count":45,"href":"https:\/\/rovitransportes.mx\/index.php\/wp-json\/wp\/v2\/pages\/2\/revisions"}],"predecessor-version":[{"id":566,"href":"https:\/\/rovitransportes.mx\/index.php\/wp-json\/wp\/v2\/pages\/2\/revisions\/566"}],"wp:attachment":[{"href":"https:\/\/rovitransportes.mx\/index.php\/wp-json\/wp\/v2\/media?parent=2"}],"curies":[{"name":"wp","href":"https:\/\/api.w.org\/{rel}","templated":true}]}}